{"id":264,"date":"2024-04-30T01:34:44","date_gmt":"2024-04-30T01:34:44","guid":{"rendered":"https:\/\/iamgloria.com\/?page_id=264"},"modified":"2025-05-01T06:48:38","modified_gmt":"2025-05-01T06:48:38","slug":"about-us","status":"publish","type":"page","link":"https:\/\/iamgloria.com\/es\/acerca-de-nosotros\/","title":{"rendered":"Qui\u00e9nes somos"},"content":{"rendered":"<div data-elementor-type=\"wp-page\" data-elementor-id=\"264\" class=\"elementor elementor-264\" data-elementor-post-type=\"page\">\n\t\t\t\t<div class=\"elementor-element elementor-element-493a629 e-flex e-con-boxed e-con e-parent\" data-id=\"493a629\" data-element_type=\"container\">\n\t\t\t\t\t<div class=\"e-con-inner\">\n\t\t\t\t<div class=\"elementor-element elementor-element-5fade8a elementor-invisible elementor-widget elementor-widget-heading\" data-id=\"5fade8a\" data-element_type=\"widget\" data-settings=\"{&quot;_animation&quot;:&quot;fadeInUp&quot;}\" data-widget_type=\"heading.default\">\n\t\t\t\t<div class=\"elementor-widget-container\">\n\t\t\t\t\t<h2 class=\"elementor-heading-title elementor-size-default\">Qui\u00e9nes somos<\/h2>\t\t\t\t<\/div>\n\t\t\t\t<\/div>\n\t\t\t\t<div class=\"elementor-element elementor-element-98a4855 elementor-invisible elementor-widget elementor-widget-heading\" data-id=\"98a4855\" data-element_type=\"widget\" data-settings=\"{&quot;_animation&quot;:&quot;fadeInUp&quot;}\" data-widget_type=\"heading.default\">\n\t\t\t\t<div class=\"elementor-widget-container\">\n\t\t\t\t\t<h2 class=\"elementor-heading-title elementor-size-default\">Inteligencia artificial de vanguardia <br>al servicio de <span style=\"color:#6E62E5\">tus clientes<\/span><\/h2>\t\t\t\t<\/div>\n\t\t\t\t<\/div>\n\t\t\t\t<div class=\"elementor-element elementor-element-bc5cd77 elementor-invisible elementor-widget elementor-widget-text-editor\" data-id=\"bc5cd77\" data-element_type=\"widget\" data-settings=\"{&quot;_animation&quot;:&quot;fadeInUp&quot;}\" data-widget_type=\"text-editor.default\">\n\t\t\t\t<div class=\"elementor-widget-container\">\n\t\t\t\t\t\t\t\t\t<p>Gloria es un potente asistente de IA que aprende tu sitio web en segundos y utiliza esa informaci\u00f3n para atender a tus clientes como si estuvieras all\u00ed.<br \/><!-- notionvc: 6384f4bb-1d58-4418-b131-31c35c0c0939 --><\/p>\t\t\t\t\t\t\t\t<\/div>\n\t\t\t\t<\/div>\n\t\t<div class=\"elementor-element elementor-element-dc3117e e-flex e-con-boxed e-con e-child\" data-id=\"dc3117e\" data-element_type=\"container\" data-settings=\"{&quot;background_background&quot;:&quot;classic&quot;}\">\n\t\t\t\t\t<div class=\"e-con-inner\">\n\t\t\t\t\t<\/div>\n\t\t\t\t<\/div>\n\t\t\t\t\t<\/div>\n\t\t\t\t<\/div>\n\t\t<div class=\"elementor-element elementor-element-ac72f98 e-flex e-con-boxed e-con e-parent\" data-id=\"ac72f98\" data-element_type=\"container\">\n\t\t\t\t\t<div class=\"e-con-inner\">\n\t\t\t\t<div class=\"elementor-element elementor-element-4a95370 elementor-widget elementor-widget-heading\" data-id=\"4a95370\" data-element_type=\"widget\" data-widget_type=\"heading.default\">\n\t\t\t\t<div class=\"elementor-widget-container\">\n\t\t\t\t\t<h2 class=\"elementor-heading-title elementor-size-default\">Historia de Gloria<\/h2>\t\t\t\t<\/div>\n\t\t\t\t<\/div>\n\t\t<div class=\"elementor-element elementor-element-5e6c2a5 e-con-full e-flex e-con e-child\" data-id=\"5e6c2a5\" data-element_type=\"container\">\n\t\t<div class=\"elementor-element elementor-element-aa29c70 e-con-full e-flex e-con e-child\" data-id=\"aa29c70\" data-element_type=\"container\">\n\t\t\t\t<div class=\"elementor-element elementor-element-8ae93bf elementor-widget elementor-widget-heading\" data-id=\"8ae93bf\" data-element_type=\"widget\" data-widget_type=\"heading.default\">\n\t\t\t\t<div class=\"elementor-widget-container\">\n\t\t\t\t\t<h2 class=\"elementor-heading-title elementor-size-default\">Webtronic Labs se embarc\u00f3 en la misi\u00f3n de crear un asistente de chat de inteligencia artificial \u00fanico, lo que dio lugar al nacimiento de Gloria. Inspirado en la palabra latina que significa \"Gloria\", el nombre refleja las aspiraciones del equipo de crear un asistente inteligente de aspecto humano. Gloria se dise\u00f1\u00f3 para simplificar la vida y mejorar la comunicaci\u00f3n.\n\nEl equipo sab\u00eda que el nombre de su creaci\u00f3n ser\u00eda su primera presentaci\u00f3n al mundo, y quer\u00edan que tuviera sentido, fuera memorable y reflejara sus valores. Las letras \"AI\" no eran s\u00f3lo una abreviatura de inteligencia artificial, sino un s\u00edmbolo de la innovaci\u00f3n y la inteligencia que encarnar\u00eda Gloria.<\/h2>\t\t\t\t<\/div>\n\t\t\t\t<\/div>\n\t\t\t\t<\/div>\n\t\t<div class=\"elementor-element elementor-element-2b02958 e-con-full e-flex e-con e-child\" data-id=\"2b02958\" data-element_type=\"container\">\n\t\t\t\t<div class=\"elementor-element elementor-element-919ceb3 elementor-widget elementor-widget-heading\" data-id=\"919ceb3\" data-element_type=\"widget\" data-widget_type=\"heading.default\">\n\t\t\t\t<div class=\"elementor-widget-container\">\n\t\t\t\t\t<h2 class=\"elementor-heading-title elementor-size-default\">El equivalente espa\u00f1ol, \"IA\" (Inteligencia Artificial), era un gui\u00f1o a las ra\u00edces latinas del equipo y al esp\u00edritu multicultural que pretend\u00edan infundir a su creaci\u00f3n.\n\nComo s\u00edmbolo de innovaci\u00f3n y conexi\u00f3n, Gloria es un testimonio del esp\u00edritu de colaboraci\u00f3n del equipo, que tiende puentes entre culturas e idiomas a trav\u00e9s de la tecnolog\u00eda.<\/h2>\t\t\t\t<\/div>\n\t\t\t\t<\/div>\n\t\t\t\t<\/div>\n\t\t\t\t<\/div>\n\t\t\t\t\t<\/div>\n\t\t\t\t<\/div>\n\t\t<div class=\"elementor-element elementor-element-35f1017 e-flex e-con-boxed e-con e-parent\" data-id=\"35f1017\" data-element_type=\"container\">\n\t\t\t\t\t<div class=\"e-con-inner\">\n\t\t\t\t<div class=\"elementor-element elementor-element-b06e623 elementor-widget elementor-widget-heading\" data-id=\"b06e623\" data-element_type=\"widget\" data-widget_type=\"heading.default\">\n\t\t\t\t<div class=\"elementor-widget-container\">\n\t\t\t\t\t<h2 class=\"elementor-heading-title elementor-size-default\">Nuestro equipo<\/h2>\t\t\t\t<\/div>\n\t\t\t\t<\/div>\n\t\t\t\t<div class=\"elementor-element elementor-element-5d931e5 elementor-invisible elementor-widget elementor-widget-heading\" data-id=\"5d931e5\" data-element_type=\"widget\" data-settings=\"{&quot;_animation&quot;:&quot;fadeInUp&quot;}\" data-widget_type=\"heading.default\">\n\t\t\t\t<div class=\"elementor-widget-container\">\n\t\t\t\t\t<h2 class=\"elementor-heading-title elementor-size-default\">Conoce la<br> <span style=\"color:#6E62E5\">gente maravillosa<\/span><br>  detr\u00e1s de la tecnolog\u00eda <\/h2>\t\t\t\t<\/div>\n\t\t\t\t<\/div>\n\t\t\t\t<div class=\"elementor-element elementor-element-0c693d6 elementor-invisible elementor-widget elementor-widget-text-editor\" data-id=\"0c693d6\" data-element_type=\"widget\" data-settings=\"{&quot;_animation&quot;:&quot;fadeInUp&quot;}\" data-widget_type=\"text-editor.default\">\n\t\t\t\t<div class=\"elementor-widget-container\">\n\t\t\t\t\t\t\t\t\t<p>Somos\u00a0<b data-stringify-type=\"bold\">Webtronic Labs<\/b>,<b data-stringify-type=\"bold\">\u00a0<\/b>una Agencia de Dise\u00f1o y Desarrollo Profesional que le construir\u00e1 una soluci\u00f3n de software asequible y escalable, apuntando a la mejor calidad de nivel empresarial que las empresas y startups pueden poseer.<\/p>\t\t\t\t\t\t\t\t<\/div>\n\t\t\t\t<\/div>\n\t\t<div class=\"elementor-element elementor-element-b7dca0c e-grid e-con-full e-con e-child\" data-id=\"b7dca0c\" data-element_type=\"container\">\n\t\t\t\t<div class=\"elementor-element elementor-element-4787442 elementor-position-top elementor-widget elementor-widget-image-box\" data-id=\"4787442\" data-element_type=\"widget\" data-widget_type=\"image-box.default\">\n\t\t\t\t<div class=\"elementor-widget-container\">\n\t\t\t\t\t<div class=\"elementor-image-box-wrapper\"><figure class=\"elementor-image-box-img\"><img decoding=\"async\" width=\"150\" height=\"150\" src=\"https:\/\/iamgloria.com\/wp-content\/uploads\/2024\/04\/32-150x150-1.webp\" class=\"elementor-animation-rotate attachment-thumbnail size-thumbnail wp-image-309\" alt=\"Jessie\" \/><\/figure><div class=\"elementor-image-box-content\"><h3 class=\"elementor-image-box-title\">Jessie<\/h3><p class=\"elementor-image-box-description\">CEO &amp; Founder<\/p><\/div><\/div>\t\t\t\t<\/div>\n\t\t\t\t<\/div>\n\t\t\t\t<div class=\"elementor-element elementor-element-44b6334 elementor-position-top elementor-widget elementor-widget-image-box\" data-id=\"44b6334\" data-element_type=\"widget\" data-widget_type=\"image-box.default\">\n\t\t\t\t<div class=\"elementor-widget-container\">\n\t\t\t\t\t<div class=\"elementor-image-box-wrapper\"><figure class=\"elementor-image-box-img\"><img decoding=\"async\" width=\"150\" height=\"150\" src=\"https:\/\/iamgloria.com\/wp-content\/uploads\/2024\/04\/8-150x150-1.webp\" class=\"elementor-animation-rotate attachment-thumbnail size-thumbnail wp-image-304\" alt=\"Yasmany\" \/><\/figure><div class=\"elementor-image-box-content\"><h3 class=\"elementor-image-box-title\">YaSMANY<\/h3><p class=\"elementor-image-box-description\">Desarrollador principal<\/p><\/div><\/div>\t\t\t\t<\/div>\n\t\t\t\t<\/div>\n\t\t\t\t<div class=\"elementor-element elementor-element-d623cd6 elementor-position-top elementor-widget elementor-widget-image-box\" data-id=\"d623cd6\" data-element_type=\"widget\" data-widget_type=\"image-box.default\">\n\t\t\t\t<div class=\"elementor-widget-container\">\n\t\t\t\t\t<div class=\"elementor-image-box-wrapper\"><figure class=\"elementor-image-box-img\"><img decoding=\"async\" width=\"150\" height=\"150\" src=\"https:\/\/iamgloria.com\/wp-content\/uploads\/2024\/04\/12-150x150-1.webp\" class=\"elementor-animation-rotate attachment-thumbnail size-thumbnail wp-image-305\" alt=\"Ricardo\" \/><\/figure><div class=\"elementor-image-box-content\"><h3 class=\"elementor-image-box-title\">Ricardo<\/h3><p class=\"elementor-image-box-description\">Desarrollador principal<\/p><\/div><\/div>\t\t\t\t<\/div>\n\t\t\t\t<\/div>\n\t\t\t\t<div class=\"elementor-element elementor-element-13b3e3e elementor-position-top elementor-widget elementor-widget-image-box\" data-id=\"13b3e3e\" data-element_type=\"widget\" data-widget_type=\"image-box.default\">\n\t\t\t\t<div class=\"elementor-widget-container\">\n\t\t\t\t\t<div class=\"elementor-image-box-wrapper\"><figure class=\"elementor-image-box-img\"><img loading=\"lazy\" decoding=\"async\" width=\"150\" height=\"150\" src=\"https:\/\/iamgloria.com\/wp-content\/uploads\/2024\/04\/18-150x150-1.webp\" class=\"elementor-animation-rotate attachment-thumbnail size-thumbnail wp-image-306\" alt=\"Rodolfo\" \/><\/figure><div class=\"elementor-image-box-content\"><h3 class=\"elementor-image-box-title\">Rodolfo<\/h3><p class=\"elementor-image-box-description\">Abogado<\/p><\/div><\/div>\t\t\t\t<\/div>\n\t\t\t\t<\/div>\n\t\t\t\t<div class=\"elementor-element elementor-element-2277f6c elementor-position-top elementor-widget elementor-widget-image-box\" data-id=\"2277f6c\" data-element_type=\"widget\" data-widget_type=\"image-box.default\">\n\t\t\t\t<div class=\"elementor-widget-container\">\n\t\t\t\t\t<div class=\"elementor-image-box-wrapper\"><figure class=\"elementor-image-box-img\"><img loading=\"lazy\" decoding=\"async\" width=\"150\" height=\"150\" src=\"https:\/\/iamgloria.com\/wp-content\/uploads\/2024\/04\/7ff7c08a-98df-42a1-862a-bf0d69306d19-modified-150x150-1.jpg\" class=\"elementor-animation-rotate attachment-thumbnail size-thumbnail wp-image-303\" alt=\"Alain\" \/><\/figure><div class=\"elementor-image-box-content\"><h3 class=\"elementor-image-box-title\">Alain<\/h3><p class=\"elementor-image-box-description\">Business Analyst &amp; European Partner<\/p><\/div><\/div>\t\t\t\t<\/div>\n\t\t\t\t<\/div>\n\t\t\t\t<\/div>\n\t\t\t\t\t<\/div>\n\t\t\t\t<\/div>\n\t\t\t\t<\/div>","protected":false},"excerpt":{"rendered":"<p>Gloria es un potente asistente de IA que aprende tu sitio web en segundos y utiliza esa informaci\u00f3n para atender a tus clientes como si estuvieras all\u00ed.<\/p>","protected":false},"author":1,"featured_media":289,"parent":0,"menu_order":0,"comment_status":"closed","ping_status":"closed","template":"","meta":{"footnotes":""},"class_list":["post-264","page","type-page","status-publish","has-post-thumbnail","hentry"],"_links":{"self":[{"href":"https:\/\/iamgloria.com\/es\/wp-json\/wp\/v2\/pages\/264","targetHints":{"allow":["GET"]}}],"collection":[{"href":"https:\/\/iamgloria.com\/es\/wp-json\/wp\/v2\/pages"}],"about":[{"href":"https:\/\/iamgloria.com\/es\/wp-json\/wp\/v2\/types\/page"}],"author":[{"embeddable":true,"href":"https:\/\/iamgloria.com\/es\/wp-json\/wp\/v2\/users\/1"}],"replies":[{"embeddable":true,"href":"https:\/\/iamgloria.com\/es\/wp-json\/wp\/v2\/comments?post=264"}],"version-history":[{"count":25,"href":"https:\/\/iamgloria.com\/es\/wp-json\/wp\/v2\/pages\/264\/revisions"}],"predecessor-version":[{"id":5016,"href":"https:\/\/iamgloria.com\/es\/wp-json\/wp\/v2\/pages\/264\/revisions\/5016"}],"wp:featuredmedia":[{"embeddable":true,"href":"https:\/\/iamgloria.com\/es\/wp-json\/wp\/v2\/media\/289"}],"wp:attachment":[{"href":"https:\/\/iamgloria.com\/es\/wp-json\/wp\/v2\/media?parent=264"}],"curies":[{"name":"wp","href":"https:\/\/api.w.org\/{rel}","templated":true}]}}