{"id":1003,"date":"2024-05-07T17:26:07","date_gmt":"2024-05-07T17:26:07","guid":{"rendered":"https:\/\/iamgloria.com\/?page_id=1003"},"modified":"2025-03-04T15:44:09","modified_gmt":"2025-03-04T15:44:09","slug":"agents","status":"publish","type":"page","link":"https:\/\/iamgloria.com\/es\/agentes\/","title":{"rendered":"Agentes"},"content":{"rendered":"<div data-elementor-type=\"wp-page\" data-elementor-id=\"1003\" class=\"elementor elementor-1003\" data-elementor-post-type=\"page\">\n\t\t\t\t<div class=\"elementor-element elementor-element-2f8f2084 e-con-full e-flex e-con e-parent\" data-id=\"2f8f2084\" data-element_type=\"container\" data-settings=\"{&quot;background_background&quot;:&quot;classic&quot;}\">\n\t\t<div class=\"elementor-element elementor-element-4d6c4d67 e-flex e-con-boxed e-con e-child\" data-id=\"4d6c4d67\" data-element_type=\"container\">\n\t\t\t\t\t<div class=\"e-con-inner\">\n\t\t<div class=\"elementor-element elementor-element-3298e327 e-con-full e-flex e-con e-child\" data-id=\"3298e327\" data-element_type=\"container\">\n\t\t\t\t<div class=\"elementor-element elementor-element-646b23d2 elementor-widget elementor-widget-heading\" data-id=\"646b23d2\" data-element_type=\"widget\" data-widget_type=\"heading.default\">\n\t\t\t\t<div class=\"elementor-widget-container\">\n\t\t\t\t\t<h2 class=\"elementor-heading-title elementor-size-default translation-block\">Gloria para <br><span style=\"color:#6E62E5\">AGENTES<\/span><\/h2>\t\t\t\t<\/div>\n\t\t\t\t<\/div>\n\t\t\t\t<div class=\"elementor-element elementor-element-6e45f8d elementor-widget elementor-widget-heading\" data-id=\"6e45f8d\" data-element_type=\"widget\" data-widget_type=\"heading.default\">\n\t\t\t\t<div class=\"elementor-widget-container\">\n\t\t\t\t\t<h2 class=\"elementor-heading-title elementor-size-default\">INMOBILIARIOS, SEGUROS, VIAJES...<\/h2>\t\t\t\t<\/div>\n\t\t\t\t<\/div>\n\t\t\t\t<div class=\"elementor-element elementor-element-4bbe2914 elementor-widget elementor-widget-text-editor\" data-id=\"4bbe2914\" data-element_type=\"widget\" data-widget_type=\"text-editor.default\">\n\t\t\t\t<div class=\"elementor-widget-container\">\n\t\t\t\t\t\t\t\t\t<p>\u00a0Los recientes avances en IA Generativa prometen un mayor potencial, al capacitar a los profesionales para sobresalir en un mercado competitivo. Un asistente de IA preparado para el cliente como Gloria responde a consultas habituales como la gesti\u00f3n de tickets, el registro de entrada y la gesti\u00f3n de crisis a trav\u00e9s de canales de voz y digitales. Las preguntas frecuentes instant\u00e1neas aprovechan la documentaci\u00f3n existente para ofrecer respuestas sin sacrificar la experiencia conversacional.\u00a0<\/p>\t\t\t\t\t\t\t\t<\/div>\n\t\t\t\t<\/div>\n\t\t\t\t<\/div>\n\t\t\t\t<div class=\"elementor-element elementor-element-537c256 elementor-widget__width-initial elementor-widget-mobile__width-inherit elementor-widget elementor-widget-image\" data-id=\"537c256\" data-element_type=\"widget\" data-widget_type=\"image.default\">\n\t\t\t\t<div class=\"elementor-widget-container\">\n\t\t\t\t\t\t\t\t\t\t\t\t\t\t\t<img fetchpriority=\"high\" decoding=\"async\" width=\"800\" height=\"804\" src=\"https:\/\/iamgloria.com\/wp-content\/uploads\/2024\/05\/Agents-1019x1024.jpg\" class=\"attachment-large size-large wp-image-1045\" alt=\"Agentes\" srcset=\"https:\/\/iamgloria.com\/wp-content\/uploads\/2024\/05\/Agents-1019x1024.jpg 1019w, https:\/\/iamgloria.com\/wp-content\/uploads\/2024\/05\/Agents-150x150.jpg 150w, https:\/\/iamgloria.com\/wp-content\/uploads\/2024\/05\/Agents-768x772.jpg 768w, https:\/\/iamgloria.com\/wp-content\/uploads\/2024\/05\/Agents.jpg 1257w\" sizes=\"(max-width: 800px) 100vw, 800px\" \/>\t\t\t\t\t\t\t\t\t\t\t\t\t\t\t<\/div>\n\t\t\t\t<\/div>\n\t\t\t\t\t<\/div>\n\t\t\t\t<\/div>\n\t\t\t\t<\/div>\n\t\t<div class=\"elementor-element elementor-element-585ef7c e-flex e-con-boxed e-con e-parent\" data-id=\"585ef7c\" data-element_type=\"container\" data-settings=\"{&quot;background_background&quot;:&quot;classic&quot;}\">\n\t\t\t\t\t<div class=\"e-con-inner\">\n\t\t<div class=\"elementor-element elementor-element-5f0f3da e-con-full e-flex e-con e-child\" data-id=\"5f0f3da\" data-element_type=\"container\" data-settings=\"{&quot;background_background&quot;:&quot;classic&quot;}\">\n\t\t<div class=\"elementor-element elementor-element-c29ef69 e-con-full e-flex e-con e-child\" data-id=\"c29ef69\" data-element_type=\"container\">\n\t\t\t\t<div class=\"elementor-element elementor-element-c1c5eab animated-slow elementor-widget-divider--view-line elementor-invisible elementor-widget elementor-widget-divider\" data-id=\"c1c5eab\" data-element_type=\"widget\" data-settings=\"{&quot;_animation&quot;:&quot;fadeIn&quot;,&quot;_animation_delay&quot;:&quot;200&quot;}\" data-widget_type=\"divider.default\">\n\t\t\t\t<div class=\"elementor-widget-container\">\n\t\t\t\t\t\t\t<div class=\"elementor-divider\">\n\t\t\t<span class=\"elementor-divider-separator\">\n\t\t\t\t\t\t<\/span>\n\t\t<\/div>\n\t\t\t\t\t\t<\/div>\n\t\t\t\t<\/div>\n\t\t\t\t<div class=\"elementor-element elementor-element-17a0602 elementor-invisible elementor-widget elementor-widget-icon-box\" data-id=\"17a0602\" data-element_type=\"widget\" data-settings=\"{&quot;_animation&quot;:&quot;fadeInUp&quot;}\" data-widget_type=\"icon-box.default\">\n\t\t\t\t<div class=\"elementor-widget-container\">\n\t\t\t\t\t\t\t<div class=\"elementor-icon-box-wrapper\">\n\n\t\t\t\n\t\t\t\t\t\t<div class=\"elementor-icon-box-content\">\n\n\t\t\t\t\t\t\t\t\t<h3 class=\"elementor-icon-box-title\">\n\t\t\t\t\t\t<span  >\n\t\t\t\t\t\t\tGeneraci\u00f3n de clientes potenciales\t\t\t\t\t\t<\/span>\n\t\t\t\t\t<\/h3>\n\t\t\t\t\n\t\t\t\t\t\t\t\t\t<p class=\"elementor-icon-box-description\">\n\t\t\t\t\t\tGloria puede ayudar a generar contactos interactuando con clientes potenciales en sitios web o plataformas de redes sociales, calificando los contactos en funci\u00f3n de los criterios establecidos por el agente y recopilando informaci\u00f3n de contacto para el seguimiento. \t\t\t\t\t<\/p>\n\t\t\t\t\n\t\t\t<\/div>\n\t\t\t\n\t\t<\/div>\n\t\t\t\t\t\t<\/div>\n\t\t\t\t<\/div>\n\t\t\t\t<\/div>\n\t\t<div class=\"elementor-element elementor-element-bfb196d e-con-full e-flex e-con e-child\" data-id=\"bfb196d\" data-element_type=\"container\">\n\t\t\t\t<div class=\"elementor-element elementor-element-771d2db animated-slow elementor-widget-divider--view-line elementor-invisible elementor-widget elementor-widget-divider\" data-id=\"771d2db\" data-element_type=\"widget\" data-settings=\"{&quot;_animation&quot;:&quot;fadeIn&quot;,&quot;_animation_delay&quot;:&quot;200&quot;}\" data-widget_type=\"divider.default\">\n\t\t\t\t<div class=\"elementor-widget-container\">\n\t\t\t\t\t\t\t<div class=\"elementor-divider\">\n\t\t\t<span class=\"elementor-divider-separator\">\n\t\t\t\t\t\t<\/span>\n\t\t<\/div>\n\t\t\t\t\t\t<\/div>\n\t\t\t\t<\/div>\n\t\t\t\t<div class=\"elementor-element elementor-element-482ecb0 elementor-invisible elementor-widget elementor-widget-icon-box\" data-id=\"482ecb0\" data-element_type=\"widget\" data-settings=\"{&quot;_animation&quot;:&quot;fadeInUp&quot;}\" data-widget_type=\"icon-box.default\">\n\t\t\t\t<div class=\"elementor-widget-container\">\n\t\t\t\t\t\t\t<div class=\"elementor-icon-box-wrapper\">\n\n\t\t\t\n\t\t\t\t\t\t<div class=\"elementor-icon-box-content\">\n\n\t\t\t\t\t\t\t\t\t<h3 class=\"elementor-icon-box-title\">\n\t\t\t\t\t\t<span  >\n\t\t\t\t\t\t\tAn\u00e1lisis de datos\t\t\t\t\t\t<\/span>\n\t\t\t\t\t<\/h3>\n\t\t\t\t\n\t\t\t\t\t\t\t\t\t<p class=\"elementor-icon-box-description\">\n\t\t\t\t\t\tAnalizar datos como las tendencias del mercado, el comportamiento de los clientes y la informaci\u00f3n sobre la competencia utilizando el <b>Conversaciones<\/b>  que proporciona a los agentes informaci\u00f3n valiosa para sus decisiones y estrategias empresariales.\t\t\t\t\t<\/p>\n\t\t\t\t\n\t\t\t<\/div>\n\t\t\t\n\t\t<\/div>\n\t\t\t\t\t\t<\/div>\n\t\t\t\t<\/div>\n\t\t\t\t<\/div>\n\t\t<div class=\"elementor-element elementor-element-2a26f62 e-con-full e-flex e-con e-child\" data-id=\"2a26f62\" data-element_type=\"container\">\n\t\t\t\t<div class=\"elementor-element elementor-element-3aa7c0b animated-slow elementor-widget-divider--view-line elementor-invisible elementor-widget elementor-widget-divider\" data-id=\"3aa7c0b\" data-element_type=\"widget\" data-settings=\"{&quot;_animation&quot;:&quot;fadeIn&quot;,&quot;_animation_delay&quot;:&quot;200&quot;}\" data-widget_type=\"divider.default\">\n\t\t\t\t<div class=\"elementor-widget-container\">\n\t\t\t\t\t\t\t<div class=\"elementor-divider\">\n\t\t\t<span class=\"elementor-divider-separator\">\n\t\t\t\t\t\t<\/span>\n\t\t<\/div>\n\t\t\t\t\t\t<\/div>\n\t\t\t\t<\/div>\n\t\t\t\t<div class=\"elementor-element elementor-element-738b6d4 elementor-invisible elementor-widget elementor-widget-icon-box\" data-id=\"738b6d4\" data-element_type=\"widget\" data-settings=\"{&quot;_animation&quot;:&quot;fadeInUp&quot;}\" data-widget_type=\"icon-box.default\">\n\t\t\t\t<div class=\"elementor-widget-container\">\n\t\t\t\t\t\t\t<div class=\"elementor-icon-box-wrapper\">\n\n\t\t\t\n\t\t\t\t\t\t<div class=\"elementor-icon-box-content\">\n\n\t\t\t\t\t\t\t\t\t<h3 class=\"elementor-icon-box-title\">\n\t\t\t\t\t\t<span  >\n\t\t\t\t\t\t\tAccesibilidad\t\t\t\t\t\t<\/span>\n\t\t\t\t\t<\/h3>\n\t\t\t\t\n\t\t\t\t\t\t\t\t\t<p class=\"elementor-icon-box-description\">\n\t\t\t\t\t\tSe puede acceder a Gloria desde cualquier lugar y en cualquier momento, lo que permite a los agentes mantenerse en contacto con clientes y clientes potenciales incluso cuando no est\u00e1n en la oficina.\t\t\t\t\t<\/p>\n\t\t\t\t\n\t\t\t<\/div>\n\t\t\t\n\t\t<\/div>\n\t\t\t\t\t\t<\/div>\n\t\t\t\t<\/div>\n\t\t\t\t<\/div>\n\t\t\t\t<\/div>\n\t\t\t\t\t<\/div>\n\t\t\t\t<\/div>\n\t\t<div class=\"elementor-element elementor-element-3cc64de e-flex e-con-boxed e-con e-parent\" data-id=\"3cc64de\" data-element_type=\"container\">\n\t\t\t\t\t<div class=\"e-con-inner\">\n\t\t\t\t<div class=\"elementor-element elementor-element-49f03f3 elementor-widget elementor-widget-heading\" data-id=\"49f03f3\" data-element_type=\"widget\" data-widget_type=\"heading.default\">\n\t\t\t\t<div class=\"elementor-widget-container\">\n\t\t\t\t\t<h2 class=\"elementor-heading-title elementor-size-default\">Esto es lo que puedes  <span style=\"color:#6E62E5\">hacer<\/span><\/h2>\t\t\t\t<\/div>\n\t\t\t\t<\/div>\n\t\t\t\t<div class=\"elementor-element elementor-element-3f3c6a9 e-n-tabs-mobile elementor-widget elementor-widget-n-tabs\" data-id=\"3f3c6a9\" data-element_type=\"widget\" data-settings=\"{&quot;tabs_justify_horizontal&quot;:&quot;stretch&quot;,&quot;horizontal_scroll&quot;:&quot;disable&quot;}\" data-widget_type=\"nested-tabs.default\">\n\t\t\t\t<div class=\"elementor-widget-container\">\n\t\t\t\t\t\t\t<div class=\"e-n-tabs\" data-widget-number=\"66307753\" aria-label=\"Pesta\u00f1as. Abre elementos con Intro o Espacio, ci\u00e9rralos con Escape y navega con las fechas.\">\n\t\t\t<div class=\"e-n-tabs-heading\" role=\"tablist\">\n\t\t\t\t\t<button id=\"e-n-tab-title-663077531\" data-tab-title-id=\"e-n-tab-title-663077531\" class=\"e-n-tab-title elementor-animation-float\" aria-selected=\"true\" data-tab-index=\"1\" role=\"tab\" tabindex=\"0\" aria-controls=\"e-n-tab-content-663077531\" style=\"--n-tabs-title-order: 1;\">\n\t\t\t\t\t\t<span class=\"e-n-tab-title-text\">\n\t\t\t\tAgentes inmobiliarios\t\t\t<\/span>\n\t\t<\/button>\n\t\t\t\t<button id=\"e-n-tab-title-663077532\" data-tab-title-id=\"e-n-tab-title-663077532\" class=\"e-n-tab-title elementor-animation-float\" aria-selected=\"false\" data-tab-index=\"2\" role=\"tab\" tabindex=\"-1\" aria-controls=\"e-n-tab-content-663077532\" style=\"--n-tabs-title-order: 2;\">\n\t\t\t\t\t\t<span class=\"e-n-tab-title-text\">\n\t\t\t\tCompa\u00f1\u00edas de seguros\t\t\t<\/span>\n\t\t<\/button>\n\t\t\t\t<button id=\"e-n-tab-title-663077533\" data-tab-title-id=\"e-n-tab-title-663077533\" class=\"e-n-tab-title elementor-animation-float\" aria-selected=\"false\" data-tab-index=\"3\" role=\"tab\" tabindex=\"-1\" aria-controls=\"e-n-tab-content-663077533\" style=\"--n-tabs-title-order: 3;\">\n\t\t\t\t\t\t<span class=\"e-n-tab-title-text\">\n\t\t\t\tAgencias de viajes\t\t\t<\/span>\n\t\t<\/button>\n\t\t\t\t\t<\/div>\n\t\t\t<div class=\"e-n-tabs-content\">\n\t\t\t\t<div id=\"e-n-tab-content-663077531\" role=\"tabpanel\" aria-labelledby=\"e-n-tab-title-663077531\" data-tab-index=\"1\" style=\"--n-tabs-title-order: 1;\" class=\"e-active elementor-element elementor-element-8bbaf7f e-con-full animated-fast e-flex elementor-invisible e-con e-child\" data-id=\"8bbaf7f\" data-element_type=\"container\" data-settings=\"{&quot;animation&quot;:&quot;fadeInUp&quot;,&quot;background_background&quot;:&quot;gradient&quot;}\">\n\t\t<div class=\"elementor-element elementor-element-5e1d21d e-flex e-con-boxed e-con e-child\" data-id=\"5e1d21d\" data-element_type=\"container\">\n\t\t\t\t\t<div class=\"e-con-inner\">\n\t\t\t\t<div class=\"elementor-element elementor-element-397b9dd elementor-widget elementor-widget-heading\" data-id=\"397b9dd\" data-element_type=\"widget\" data-widget_type=\"heading.default\">\n\t\t\t\t<div class=\"elementor-widget-container\">\n\t\t\t\t\t<h2 class=\"elementor-heading-title elementor-size-default\">An\u00e1lisis del mercado<\/h2>\t\t\t\t<\/div>\n\t\t\t\t<\/div>\n\t\t\t\t<div class=\"elementor-element elementor-element-a4dc578 elementor-widget elementor-widget-text-editor\" data-id=\"a4dc578\" data-element_type=\"widget\" data-widget_type=\"text-editor.default\">\n\t\t\t\t<div class=\"elementor-widget-container\">\n\t\t\t\t\t\t\t\t\t<p>Gloria puede analizar las tendencias del mercado y proporcionar informaci\u00f3n a los agentes inmobiliarios, ayud\u00e1ndoles a tomar decisiones informadas sobre precios y estrategias de marketing.<\/p>\t\t\t\t\t\t\t\t<\/div>\n\t\t\t\t<\/div>\n\t\t\t\t<div class=\"elementor-element elementor-element-b2b65e5 elementor-widget elementor-widget-image\" data-id=\"b2b65e5\" data-element_type=\"widget\" data-widget_type=\"image.default\">\n\t\t\t\t<div class=\"elementor-widget-container\">\n\t\t\t\t\t\t\t\t\t\t\t\t\t\t\t<img decoding=\"async\" width=\"800\" height=\"449\" src=\"https:\/\/iamgloria.com\/wp-content\/uploads\/2024\/05\/real-estate-agents-sell-houses-and-land-to-custome-2023-11-27-04-55-53-utc-1024x575.jpg\" class=\"attachment-large size-large wp-image-1432\" alt=\"\" srcset=\"https:\/\/iamgloria.com\/wp-content\/uploads\/2024\/05\/real-estate-agents-sell-houses-and-land-to-custome-2023-11-27-04-55-53-utc-1024x575.jpg 1024w, https:\/\/iamgloria.com\/wp-content\/uploads\/2024\/05\/real-estate-agents-sell-houses-and-land-to-custome-2023-11-27-04-55-53-utc-300x169.jpg 300w, https:\/\/iamgloria.com\/wp-content\/uploads\/2024\/05\/real-estate-agents-sell-houses-and-land-to-custome-2023-11-27-04-55-53-utc-768x431.jpg 768w, https:\/\/iamgloria.com\/wp-content\/uploads\/2024\/05\/real-estate-agents-sell-houses-and-land-to-custome-2023-11-27-04-55-53-utc.jpg 1027w\" sizes=\"(max-width: 800px) 100vw, 800px\" \/>\t\t\t\t\t\t\t\t\t\t\t\t\t\t\t<\/div>\n\t\t\t\t<\/div>\n\t\t\t\t\t<\/div>\n\t\t\t\t<\/div>\n\t\t<div class=\"elementor-element elementor-element-ead73bf e-con-full e-flex e-con e-child\" data-id=\"ead73bf\" data-element_type=\"container\">\n\t\t\t\t<div class=\"elementor-element elementor-element-7984a64 elementor-widget elementor-widget-image\" data-id=\"7984a64\" data-element_type=\"widget\" data-widget_type=\"image.default\">\n\t\t\t\t<div class=\"elementor-widget-container\">\n\t\t\t\t\t\t\t\t\t\t\t\t\t\t\t<img decoding=\"async\" width=\"360\" height=\"544\" src=\"https:\/\/iamgloria.com\/wp-content\/uploads\/2024\/05\/Real-Estate.svg\" class=\"attachment-large size-large wp-image-1442\" alt=\"\" \/>\t\t\t\t\t\t\t\t\t\t\t\t\t\t\t<\/div>\n\t\t\t\t<\/div>\n\t\t\t\t<\/div>\n\t\t\t\t<\/div>\n\t\t<div id=\"e-n-tab-content-663077532\" role=\"tabpanel\" aria-labelledby=\"e-n-tab-title-663077532\" data-tab-index=\"2\" style=\"--n-tabs-title-order: 2;\" class=\"elementor-element elementor-element-3d23955 animated-fast e-flex e-con-boxed elementor-invisible e-con e-child\" data-id=\"3d23955\" data-element_type=\"container\" data-settings=\"{&quot;animation&quot;:&quot;fadeInUp&quot;,&quot;background_background&quot;:&quot;gradient&quot;}\">\n\t\t\t\t\t<div class=\"e-con-inner\">\n\t\t<div class=\"elementor-element elementor-element-92531da e-flex e-con-boxed e-con e-child\" data-id=\"92531da\" data-element_type=\"container\">\n\t\t\t\t\t<div class=\"e-con-inner\">\n\t\t\t\t<div class=\"elementor-element elementor-element-a2c66a1 elementor-widget elementor-widget-heading\" data-id=\"a2c66a1\" data-element_type=\"widget\" data-widget_type=\"heading.default\">\n\t\t\t\t<div class=\"elementor-widget-container\">\n\t\t\t\t\t<h2 class=\"elementor-heading-title elementor-size-default\">Gesti\u00f3n de pol\u00edticas<\/h2>\t\t\t\t<\/div>\n\t\t\t\t<\/div>\n\t\t\t\t<div class=\"elementor-element elementor-element-274cae2 elementor-widget elementor-widget-text-editor\" data-id=\"274cae2\" data-element_type=\"widget\" data-widget_type=\"text-editor.default\">\n\t\t\t\t<div class=\"elementor-widget-container\">\n\t\t\t\t\t\t\t\t\t<p>Gloria puede ayudar a gestionar p\u00f3lizas de seguros, incluida la emisi\u00f3n de nuevas p\u00f3lizas, la tramitaci\u00f3n de siniestros y la renovaci\u00f3n de p\u00f3lizas. Adem\u00e1s, puede analizar datos de clientes para evaluar riesgos y recomendar productos de seguros adecuados.<\/p>\t\t\t\t\t\t\t\t<\/div>\n\t\t\t\t<\/div>\n\t\t\t\t<div class=\"elementor-element elementor-element-545619a elementor-widget elementor-widget-image\" data-id=\"545619a\" data-element_type=\"widget\" data-widget_type=\"image.default\">\n\t\t\t\t<div class=\"elementor-widget-container\">\n\t\t\t\t\t\t\t\t\t\t\t\t\t\t\t<img loading=\"lazy\" decoding=\"async\" width=\"800\" height=\"533\" src=\"https:\/\/iamgloria.com\/wp-content\/uploads\/2024\/05\/young-man-gets-acquainted-with-terms-of-insurance-2023-11-27-05-36-02-utc.jpg\" class=\"attachment-large size-large wp-image-1412\" alt=\"\" srcset=\"https:\/\/iamgloria.com\/wp-content\/uploads\/2024\/05\/young-man-gets-acquainted-with-terms-of-insurance-2023-11-27-05-36-02-utc.jpg 1008w, https:\/\/iamgloria.com\/wp-content\/uploads\/2024\/05\/young-man-gets-acquainted-with-terms-of-insurance-2023-11-27-05-36-02-utc-300x200.jpg 300w, https:\/\/iamgloria.com\/wp-content\/uploads\/2024\/05\/young-man-gets-acquainted-with-terms-of-insurance-2023-11-27-05-36-02-utc-768x512.jpg 768w\" sizes=\"(max-width: 800px) 100vw, 800px\" \/>\t\t\t\t\t\t\t\t\t\t\t\t\t\t\t<\/div>\n\t\t\t\t<\/div>\n\t\t\t\t\t<\/div>\n\t\t\t\t<\/div>\n\t\t<div class=\"elementor-element elementor-element-3868969 e-con-full e-flex e-con e-child\" data-id=\"3868969\" data-element_type=\"container\">\n\t\t\t\t<div class=\"elementor-element elementor-element-f88fe52 elementor-widget elementor-widget-image\" data-id=\"f88fe52\" data-element_type=\"widget\" data-widget_type=\"image.default\">\n\t\t\t\t<div class=\"elementor-widget-container\">\n\t\t\t\t\t\t\t\t\t\t\t\t\t\t\t<img loading=\"lazy\" decoding=\"async\" width=\"360\" height=\"564\" src=\"https:\/\/iamgloria.com\/wp-content\/uploads\/2024\/05\/Insurance.svg\" class=\"attachment-large size-large wp-image-1447\" alt=\"Seguros\" \/>\t\t\t\t\t\t\t\t\t\t\t\t\t\t\t<\/div>\n\t\t\t\t<\/div>\n\t\t\t\t<\/div>\n\t\t\t\t\t<\/div>\n\t\t\t\t<\/div>\n\t\t<div id=\"e-n-tab-content-663077533\" role=\"tabpanel\" aria-labelledby=\"e-n-tab-title-663077533\" data-tab-index=\"3\" style=\"--n-tabs-title-order: 3;\" class=\"elementor-element elementor-element-6914d75 animated-fast e-flex e-con-boxed elementor-invisible e-con e-child\" data-id=\"6914d75\" data-element_type=\"container\" data-settings=\"{&quot;animation&quot;:&quot;fadeInUp&quot;,&quot;background_background&quot;:&quot;gradient&quot;}\">\n\t\t\t\t\t<div class=\"e-con-inner\">\n\t\t<div class=\"elementor-element elementor-element-4be8d3b e-con-full e-flex e-con e-child\" data-id=\"4be8d3b\" data-element_type=\"container\">\n\t\t\t\t<div class=\"elementor-element elementor-element-7e6780b elementor-widget elementor-widget-heading\" data-id=\"7e6780b\" data-element_type=\"widget\" data-widget_type=\"heading.default\">\n\t\t\t\t<div class=\"elementor-widget-container\">\n\t\t\t\t\t<h2 class=\"elementor-heading-title elementor-size-default\">Planificaci\u00f3n del viaje<\/h2>\t\t\t\t<\/div>\n\t\t\t\t<\/div>\n\t\t\t\t<div class=\"elementor-element elementor-element-7cea709 elementor-widget elementor-widget-text-editor\" data-id=\"7cea709\" data-element_type=\"widget\" data-widget_type=\"text-editor.default\">\n\t\t\t\t<div class=\"elementor-widget-container\">\n\t\t\t\t\t\t\t\t\t<p>Gloria puede ayudar a los clientes a planificar sus viajes sugiri\u00e9ndoles destinos, reservando vuelos, hoteles y coches de alquiler, y facilit\u00e1ndoles informaci\u00f3n sobre atracciones y actividades.<\/p>\t\t\t\t\t\t\t\t<\/div>\n\t\t\t\t<\/div>\n\t\t\t\t<div class=\"elementor-element elementor-element-cfa14f9 elementor-widget elementor-widget-image\" data-id=\"cfa14f9\" data-element_type=\"widget\" data-widget_type=\"image.default\">\n\t\t\t\t<div class=\"elementor-widget-container\">\n\t\t\t\t\t\t\t\t\t\t\t\t\t\t\t<img loading=\"lazy\" decoding=\"async\" width=\"800\" height=\"533\" src=\"https:\/\/iamgloria.com\/wp-content\/uploads\/2024\/05\/guest-booking-a-tour-at-a-hotel-2023-11-27-05-09-26-utc.jpg\" class=\"attachment-large size-large wp-image-1419\" alt=\"\" srcset=\"https:\/\/iamgloria.com\/wp-content\/uploads\/2024\/05\/guest-booking-a-tour-at-a-hotel-2023-11-27-05-09-26-utc.jpg 975w, https:\/\/iamgloria.com\/wp-content\/uploads\/2024\/05\/guest-booking-a-tour-at-a-hotel-2023-11-27-05-09-26-utc-300x200.jpg 300w, https:\/\/iamgloria.com\/wp-content\/uploads\/2024\/05\/guest-booking-a-tour-at-a-hotel-2023-11-27-05-09-26-utc-768x512.jpg 768w\" sizes=\"(max-width: 800px) 100vw, 800px\" \/>\t\t\t\t\t\t\t\t\t\t\t\t\t\t\t<\/div>\n\t\t\t\t<\/div>\n\t\t\t\t<\/div>\n\t\t<div class=\"elementor-element elementor-element-0b282f7 e-con-full e-flex e-con e-child\" data-id=\"0b282f7\" data-element_type=\"container\">\n\t\t\t\t<div class=\"elementor-element elementor-element-7c4d1b7 elementor-widget elementor-widget-image\" data-id=\"7c4d1b7\" data-element_type=\"widget\" data-widget_type=\"image.default\">\n\t\t\t\t<div class=\"elementor-widget-container\">\n\t\t\t\t\t\t\t\t\t\t\t\t\t\t\t<img loading=\"lazy\" decoding=\"async\" width=\"360\" height=\"797\" src=\"https:\/\/iamgloria.com\/wp-content\/uploads\/2024\/05\/Tour.svg\" class=\"attachment-large size-large wp-image-1452\" alt=\"\" \/>\t\t\t\t\t\t\t\t\t\t\t\t\t\t\t<\/div>\n\t\t\t\t<\/div>\n\t\t\t\t<\/div>\n\t\t\t\t\t<\/div>\n\t\t\t\t<\/div>\n\t\t\t\t\t<\/div>\n\t\t<\/div>\n\t\t\t\t\t\t<\/div>\n\t\t\t\t<\/div>\n\t\t\t\t\t<\/div>\n\t\t\t\t<\/div>\n\t\t\t\t<\/div>","protected":false},"excerpt":{"rendered":"<p> Los recientes avances en IA Generativa prometen un potencial a\u00fan mayor, capacitando a los profesionales para sobresalir en un mercado competitivo. Un asistente de IA preparado para el cliente como Gloria se ocupa de consultas habituales como la gesti\u00f3n de billetes, el registro y la gesti\u00f3n de crisis a trav\u00e9s de canales de voz y digitales. <\/p>","protected":false},"author":1,"featured_media":1045,"parent":0,"menu_order":0,"comment_status":"closed","ping_status":"closed","template":"","meta":{"footnotes":""},"class_list":["post-1003","page","type-page","status-publish","has-post-thumbnail","hentry"],"_links":{"self":[{"href":"https:\/\/iamgloria.com\/es\/wp-json\/wp\/v2\/pages\/1003","targetHints":{"allow":["GET"]}}],"collection":[{"href":"https:\/\/iamgloria.com\/es\/wp-json\/wp\/v2\/pages"}],"about":[{"href":"https:\/\/iamgloria.com\/es\/wp-json\/wp\/v2\/types\/page"}],"author":[{"embeddable":true,"href":"https:\/\/iamgloria.com\/es\/wp-json\/wp\/v2\/users\/1"}],"replies":[{"embeddable":true,"href":"https:\/\/iamgloria.com\/es\/wp-json\/wp\/v2\/comments?post=1003"}],"version-history":[{"count":25,"href":"https:\/\/iamgloria.com\/es\/wp-json\/wp\/v2\/pages\/1003\/revisions"}],"predecessor-version":[{"id":5009,"href":"https:\/\/iamgloria.com\/es\/wp-json\/wp\/v2\/pages\/1003\/revisions\/5009"}],"wp:featuredmedia":[{"embeddable":true,"href":"https:\/\/iamgloria.com\/es\/wp-json\/wp\/v2\/media\/1045"}],"wp:attachment":[{"href":"https:\/\/iamgloria.com\/es\/wp-json\/wp\/v2\/media?parent=1003"}],"curies":[{"name":"wp","href":"https:\/\/api.w.org\/{rel}","templated":true}]}}